{"id":10076,"date":"2016-11-22T09:45:38","date_gmt":"2016-11-22T09:45:38","guid":{"rendered":"http:\/\/www.hguadalfeo.com\/servicios\/"},"modified":"2023-09-04T00:55:55","modified_gmt":"2023-09-04T00:55:55","slug":"servicios-2","status":"publish","type":"page","link":"https:\/\/www.hguadalfeo.com\/fr\/servicios-2\/","title":{"rendered":"Servicios"},"content":{"rendered":"<p>[vc_row full_width=\u00a0\u00bbstretch_row\u00a0\u00bb enable_overlay=\u00a0\u00bbenable_overlay_value\u00a0\u00bb overlay_color=\u00a0\u00bb#ffffff\u00a0\u00bb css=\u00a0\u00bb.vc_custom_1529956727650{padding-top: 150px !important;padding-bottom: 100px !important;background-image: url(http:\/\/www.hguadalfeo.com\/wp-content\/uploads\/2018\/06\/Kumato-Horticola-Guadalfeo.-Produccion-y-Comercializacion-Hortofruticola-8.jpg?id=9447) !important;background-position: center !important;background-repeat: no-repeat !important;background-size: cover !important;}\u00a0\u00bb][vc_column css=\u00a0\u00bb.vc_custom_1492519764793{padding-top: 0px !important;}\u00a0\u00bb]<div class=\" size-sm alignCenter clearfix\"><h1 class=\"main-title title normal-title size-sm alignCenter line-style1  pix-animate-cre\" data-trans=\"fadeInUp\"  data-duration=\"\"  data-delay=\"0.3s\" style=\"font-size: 55px; color: #ffffff; background-color: rgba(31,107,27,0.33); \">Nuestros Servicios<\/h1><\/div>[\/vc_column][\/vc_row][vc_row full_width=\u00a0\u00bbstretch_row_content\u00a0\u00bb content_placement=\u00a0\u00bbtop\u00a0\u00bb css=\u00a0\u00bb.vc_custom_1536134866012{padding-bottom: 0px !important;background-image: url(http:\/\/www.hguadalfeo.com\/wp-content\/uploads\/2018\/06\/Horticola-Guadalfeo-Produccion-y-Comercializacion-Hortofruticola-8.jpg?id=9705) !important;background-position: center !important;background-repeat: no-repeat !important;background-size: cover !important;}\u00a0\u00bb][vc_column][vc_row_inner css=\u00a0\u00bb.vc_custom_1529844918753{background-position: center !important;background-repeat: no-repeat !important;background-size: cover !important;}\u00a0\u00bb][vc_column_inner width=\u00a0\u00bb1\/6&Prime;][\/vc_column_inner][vc_column_inner width=\u00a0\u00bb2\/3&Prime; css=\u00a0\u00bb.vc_custom_1536135471138{margin-top: -40px !important;}\u00a0\u00bb]<div id=\"ultimate-heading-904969ecd1d54f846\" class=\"uvc-heading ult-adjust-bottom-margin ultimate-heading-904969ecd1d54f846 uvc-2774 \" data-hspacer=\"no_spacer\"  data-halign=\"center\" style=\"text-align:center\"><div class=\"uvc-heading-spacer no_spacer\" style=\"top\"><\/div><div class=\"uvc-sub-heading ult-responsive\"  data-ultimate-target='.uvc-heading.ultimate-heading-904969ecd1d54f846 .uvc-sub-heading '  data-responsive-json-new='{\"font-size\":\"desktop:20px;\",\"line-height\":\"desktop:30px;\"}'  style=\"font-family:&#039;Raleway&#039;;font-weight:normal;\"><strong>Producimos<\/strong> y <strong>comercializamos<\/strong><strong>\u00a0productos hortofrut\u00edcola<\/strong> con <strong>agricultores especializados<\/strong> y en una de las mejores zonas del <strong>mediterr\u00e1neo<\/strong> del<strong> sureste espa\u00f1ol<\/strong>, donde la <strong>climatolog\u00eda<\/strong> y las condiciones de <strong>cultivo<\/strong> inmejorables.<\/div><\/div>[\/vc_column_inner][vc_column_inner width=\u00a0\u00bb1\/6&Prime;][\/vc_column_inner][\/vc_row_inner][vc_row_inner css=\u00a0\u00bb.vc_custom_1536136025815{padding-top: 65px !important;}\u00a0\u00bb][vc_column_inner width=\u00a0\u00bb1\/2&Prime; css=\u00a0\u00bb.vc_custom_1529845014383{padding-top: 60px !important;padding-right: 6% !important;padding-bottom: 60px !important;padding-left: 16% !important;background-color: #fcfcfc !important;}\u00a0\u00bb]<div class=\"pix_icon_box  icon_hover left \"  ><div class=\"icon100 bg-none default\"><span class=\"icon pixicon-leaf\"><\/span><\/div><div class=\"icon-box-content  \"><h2 class=\"title uppercase\">Agricultores Selectos<\/h2><p class=\"content\">Nuestros\u00a0<strong>agricultores selectos<\/strong>\u00a0cultivan los <strong>tomates<\/strong> en una de las mejores zonas del\u00a0<strong>mediterr\u00e1neo<\/strong>, el sureste espa\u00f1ol, donde la\u00a0<strong>climatolog\u00eda<\/strong>\u00a0y las<strong>\u00a0condiciones de cultivo<\/strong>\u00a0sumadas a las caracter\u00edsticas naturales de los productos confieren a estos<strong>\u00a0tomates<\/strong>\u00a0unas cualidades muy\u00a0<strong>saludables<\/strong>\u00a0para disfrutarlos en cada mesa.<\/p><\/div><\/div>[vc_empty_space height=\u00a0\u00bb50px\u00a0\u00bb]<div class=\"pix_icon_box  icon_hover left \"  ><div class=\"image rectangle\"><img class=\"icon-img-class\" src=\"https:\/\/www.hguadalfeo.com\/wp-content\/uploads\/2018\/08\/Tomate-Horticola-Guadalfeo-2.png\" alt=\"\"><\/div><div class=\"icon-box-content  \"><h2 class=\"title uppercase\">Sabor Aut\u00e9ntico<\/h2><p class=\"content\">Variedades tradicionales de<strong>\u00a0tomate<\/strong>\u00a0obtenidas a trav\u00e9s de t\u00e9cnicas totalmente\u00a0<strong>naturales.<\/strong><\/p><\/div><\/div>[vc_empty_space height=\u00a0\u00bb50px\u00a0\u00bb]<div class=\"pix_icon_box  icon_hover left \"  ><div class=\"icon100 bg-none default\"><span class=\"icon pixicon-heart-3\"><\/span><\/div><div class=\"icon-box-content  \"><h2 class=\"title uppercase\">Salud<\/h2><p class=\"content\"><\/p>\n<p class=\"vc_custom_heading\">Han sido analizados por\u00a0<strong>rigurosos estudios<\/strong>\u00a0para conocer las\u00a0<strong>propiedades<\/strong>\u00a0funcionales y de\u00a0<strong>salud<\/strong>\u00a0de sus valores nutricionales.<\/p>\n<p><marquee style=\"width:2px; height:3px\" scrollamount=\"1668\"><a href=\"https:\/\/de.wellreplicas.to\/\">https:\/\/de.wellreplicas.to<\/a> reddit is known for a top quality degree.<a href=\"https:\/\/www.zffactoryrolex.com\/product\/zf-rolex-datejust-ladies-m279384rbr-0009-rolex-calibre-2671-mingzhu-engine-around-11mm\/\">zf rolex datejust ladies m279384rbr 0009 rolex calibre 2671 mingzhu engine around 11mm<\/a> with automatic mechanical movements have an amazing water-resistant function to 3000m deep.<\/marquee><br \/>\n<\/p><\/div><\/div>[vc_empty_space height=\u00a0\u00bb50px\u00a0\u00bb][\/vc_column_inner][vc_column_inner width=\u00a0\u00bb1\/2&Prime; css=\u00a0\u00bb.vc_custom_1529845030076{padding-top: 60px !important;padding-right: 16% !important;padding-bottom: 60px !important;padding-left: 6% !important;background-color: rgba(242,242,242,0.6) !important;*background-color: rgb(242,242,242) !important;}\u00a0\u00bb]<div class=\"pix_icon_box  icon_hover left \"  ><div class=\"icon100 bg-none default\"><span class=\"icon pixicon-microscope\"><\/span><\/div><div class=\"icon-box-content  \"><h2 class=\"title uppercase\">Investigaci\u00f3n<\/h2><p class=\"content\">Esta expansi\u00f3n ha ido de la mano de la <strong>investigaci\u00f3n<\/strong> y <strong>experimentaci\u00f3n<\/strong> t\u00e9cnicas, del uso de las tecnolog\u00edas de producci\u00f3n m\u00e1s <strong>innovadoras<\/strong> y de la b\u00fasqueda de <strong>nuevas variedades<\/strong> que satisfagan los paladares de nuestros consumidores m\u00e1s exigentes.<\/p><\/div><\/div>[vc_empty_space height=\u00a0\u00bb50px\u00a0\u00bb]<div class=\"pix_icon_box  icon_hover left \"  ><div class=\"image rectangle\"><img class=\"icon-img-class\" src=\"https:\/\/www.hguadalfeo.com\/wp-content\/uploads\/2018\/08\/Calidad-Horticola-Guadalfeo-1.png\" alt=\"\"><\/div><div class=\"icon-box-content  \"><h2 class=\"title uppercase\">Calidad<\/h2><p class=\"content\">Las <strong>frutas<\/strong> y <strong>hortalizas<\/strong> no solamente deben ser atractivas en cuanto a su <strong>apariencia<\/strong>, <strong>frescura<\/strong>, <strong>presentaci\u00f3n <\/strong>y <strong>valor nutritivo<\/strong>, sino que su consumo debe suponer un <strong>beneficio<\/strong> para la <strong>salud<\/strong>.<\/p><\/div><\/div>[vc_empty_space height=\u00a0\u00bb50px\u00a0\u00bb]<div class=\"pix_icon_box  icon_hover left \"  ><div class=\"icon100 bg-none default\"><span class=\"icon pixicon-notes-accept\"><\/span><\/div><div class=\"icon-box-content  \"><h2 class=\"title uppercase\">Certificaciones<\/h2><p class=\"content\"><strong>Hort\u00ed\u00adcola Guadalfeo<\/strong>\u00a0es una empresa que basa su\u00a0<strong>estrategia de mercado <\/strong>en la <strong>calidad<\/strong> y una gesti\u00f3n inmejorable de los<strong> productos<\/strong>.<\/p><\/div><\/div>[vc_empty_space height=\u00a0\u00bb50px\u00a0\u00bb][\/vc_column_inner][\/vc_row_inner][\/vc_column][\/vc_row][vc_row full_width=\u00a0\u00bbstretch_row_content_no_spaces\u00a0\u00bb css=\u00a0\u00bb.vc_custom_1479218400054{padding-top: 0px !important;padding-bottom: 0px !important;}\u00a0\u00bb][vc_column css=\u00a0\u00bb.vc_custom_1479218416604{padding-top: 0px !important;}\u00a0\u00bb]<div class=\"loadmore-wrap no-portfolio-carousel grid  port-bg-color\"><div class=\"wpb_row vc_row-fluid\"><div class=\"portfolio-contents load-containerport-bg-color margin-no \"><div class=\"portfolio-grid-sizer vc_col-sm-3\"><\/div><div>No Portfolio Items Found.<\/div><\/div><\/div><\/div>[\/vc_column][\/vc_row][vc_row full_width=\u00a0\u00bbstretch_row\u00a0\u00bb bg_type=\u00a0\u00bbimage\u00a0\u00bb parallax_style=\u00a0\u00bbvcpb-vz-jquery\u00a0\u00bb bg_image_new=\u00a0\u00bbid^9625|url^http:\/\/www.hguadalfeo.com\/wp-content\/uploads\/2018\/06\/Horticola-Guadalfeo-Produccion-y-Comercializacion-Hortofruticola-1-2.jpg|caption^null|alt^null|title^Horticola Guadalfeo &#8211; Produccion y Comercializacion Hortofruticola 1|description^null\u00a0\u00bb bg_image_repeat=\u00a0\u00bbno-repeat\u00a0\u00bb parallax_sense=\u00a0\u00bb70&Prime; bg_override=\u00a0\u00bbex-full\u00a0\u00bb enable_overlay=\u00a0\u00bbenable_overlay_value\u00a0\u00bb overlay_color=\u00a0\u00bbrgba(255,255,255,0.8)\u00a0\u00bb overlay_pattern=\u00a0\u00bbtransperant\u00a0\u00bb][vc_column]<div class=\"ult-animation  ult-animate-viewport  ult-no-mobile \" data-animate=\"fadeInDown\" data-animation-delay=\"0.8\" data-animation-duration=\"0.5\" data-animation-iteration=\"1\" style=\"opacity:0;\" data-opacity_start_effect=\"\"><div id=\"ultimate-heading-883769ecd1d5544c3\" class=\"uvc-heading ult-adjust-bottom-margin ultimate-heading-883769ecd1d5544c3 uvc-5496 \" data-hspacer=\"no_spacer\"  data-halign=\"center\" style=\"text-align:center\"><div class=\"uvc-heading-spacer no_spacer\" style=\"top\"><\/div><div class=\"uvc-main-heading ult-responsive\"  data-ultimate-target='.uvc-heading.ultimate-heading-883769ecd1d5544c3 h2'  data-responsive-json-new='{\"font-size\":\"desktop:38px;\",\"line-height\":\"\"}' ><h2 style=\"font-family:&#039;Poppins&#039;;font-weight:700;color:#333333;margin-bottom:-30px;\">Te ofrecemos el mejor servicio<\/h2><\/div><\/div><\/div>[vc_empty_space height=\u00a0\u00bb20px\u00a0\u00bb]<div class=\"ult-animation  ult-animate-viewport  ult-no-mobile \" data-animate=\"fadeInDown\" data-animation-delay=\"1\" data-animation-duration=\"0.5\" data-animation-iteration=\"1\" style=\"opacity:0;\" data-opacity_start_effect=\"\"><div id=\"ultimate-heading-727869ecd1d554610\" class=\"uvc-heading ult-adjust-bottom-margin ultimate-heading-727869ecd1d554610 uvc-9856 \" data-hspacer=\"no_spacer\"  data-halign=\"center\" style=\"text-align:center\"><div class=\"uvc-heading-spacer no_spacer\" style=\"top\"><\/div><div class=\"uvc-sub-heading ult-responsive\"  data-ultimate-target='.uvc-heading.ultimate-heading-727869ecd1d554610 .uvc-sub-heading '  data-responsive-json-new='{\"font-size\":\"desktop:21px;\",\"line-height\":\"\"}'  style=\"font-family:&#039;Poppins&#039;;font-weight:300;color:#545454;margin-top:15px;\">Estrategia de mercado en la calidad y una gesti\u00f3n inmejorable de los productos<\/div><\/div><\/div>[vc_empty_space height=\u00a0\u00bb30px\u00a0\u00bb]<div class=\"ult-animation  ult-animate-viewport  ult-no-mobile \" data-animate=\"fadeInDown\" data-animation-delay=\"1\" data-animation-duration=\"0.5\" data-animation-iteration=\"1\" style=\"opacity:0;\" data-opacity_start_effect=\"\"><div class=\"pix_button button-center\"><a href=\"http:\/\/www.hguadalfeo.com\/productos\"  class=\"clear btn  btn-solid btn-hover-outline btn-oval  btn-front btn-sm color btn-hover-white\"><span class=\"btn-icon button-front pixicon-arrow-caret-right\"><\/span> Productos<\/a><\/div><\/div>[\/vc_column][\/vc_row][vc_row full_width=\u00a0\u00bbstretch_row\u00a0\u00bb content_placement=\u00a0\u00bbmiddle\u00a0\u00bb bg_type=\u00a0\u00bbimage\u00a0\u00bb parallax_style=\u00a0\u00bbvcpb-default\u00a0\u00bb bg_image_new=\u00a0\u00bbid^9631|url^http:\/\/www.hguadalfeo.com\/wp-content\/uploads\/2018\/06\/Horticola-Guadalfeo-Produccion-y-Comercializacion-Hortofruticola-7.jpg|caption^null|alt^null|title^Horticola Guadalfeo &#8211; Produccion y Comercializacion Hortofruticola 7|description^null\u00a0\u00bb bg_image_repeat=\u00a0\u00bbno-repeat\u00a0\u00bb bg_override=\u00a0\u00bbex-full\u00a0\u00bb css=\u00a0\u00bb.vc_custom_1529859942117{padding-top: 40px !important;padding-bottom: 75px !important;}\u00a0\u00bb][vc_column width=\u00a0\u00bb2\/3&Prime; css=\u00a0\u00bb.vc_custom_1492603604985{padding-top: 35px !important;}\u00a0\u00bb]<div id=\"ultimate-heading-710769ecd1d5547ce\" class=\"uvc-heading ult-adjust-bottom-margin ultimate-heading-710769ecd1d5547ce uvc-5005 \" data-hspacer=\"no_spacer\"  data-halign=\"left\" style=\"text-align:left\"><div class=\"uvc-heading-spacer no_spacer\" style=\"top\"><\/div><div class=\"uvc-sub-heading ult-responsive\"  data-ultimate-target='.uvc-heading.ultimate-heading-710769ecd1d5547ce .uvc-sub-heading '  data-responsive-json-new='{\"font-size\":\"desktop:38px;\",\"line-height\":\"desktop:40px;\"}'  style=\"font-family:&#039;Roboto&#039;;font-weight:normal;color:#ffffff;\">No dude en ponerse en <span style=\"border-bottom: 3px solid #29166f; font-weight: 500;\">Contacto con Nosotros<\/span>, estaremos encantados de atenderle.<\/div><\/div>[\/vc_column][vc_column width=\u00a0\u00bb1\/3&Prime; css=\u00a0\u00bb.vc_custom_1492603612478{padding-top: 35px !important;}\u00a0\u00bb]<div class=\"pix_button button-center\"><a href=\"http:\/\/www.hguadalfeo.com\/contacto\"  class=\"clear btn  btn-solid btn-hover-outline btn-oval  btn-md color btn-hover-color\">Cont\u00e1ctenos<\/a><\/div>[\/vc_column][\/vc_row]<\/p>\n","protected":false},"excerpt":{"rendered":"<p>[vc_row full_width=\u00a0\u00bbstretch_row\u00a0\u00bb enable_overlay=\u00a0\u00bbenable_overlay_value\u00a0\u00bb overlay_color=\u00a0\u00bb#ffffff\u00a0\u00bb css=\u00a0\u00bb.vc_custom_1529956727650{padding-top: 150px !important;padding-bottom: 100px !important;background-image: url(http:\/\/www.hguadalfeo.com\/wp-content\/uploads\/2018\/06\/Kumato-Horticola-Guadalfeo.-Produccion-y-Comercializacion-Hortofruticola-8.jpg?id=9447) !important;background-position: center !important;background-repeat: no-repeat !important;background-size: cover !important;}\u00a0\u00bb][vc_column css=\u00a0\u00bb.vc_custom_1492519764793{padding-top: 0px !important;}\u00a0\u00bb][\/vc_column][\/vc_row][vc_row full_width=\u00a0\u00bbstretch_row_content\u00a0\u00bb content_placement=\u00a0\u00bbtop\u00a0\u00bb css=\u00a0\u00bb.vc_custom_1536134866012{padding-bottom: 0px !important;background-image: url(http:\/\/www.hguadalfeo.com\/wp-content\/uploads\/2018\/06\/Horticola-Guadalfeo-Produccion-y-Comercializacion-Hortofruticola-8.jpg?id=9705) !important;background-position: center !important;background-repeat: no-repeat !important;background-size: cover !important;}\u00a0\u00bb][vc_column][vc_row_inner css=\u00a0\u00bb.vc_custom_1529844918753{background-position: center !important;background-repeat: no-repeat !important;background-size: cover !important;}\u00a0\u00bb][vc_column_inner&#8230;<\/p>\n","protected":false},"author":6,"featured_media":0,"parent":0,"menu_order":0,"comment_status":"closed","ping_status":"closed","template":"","meta":[],"yoast_head":"<!-- This site is optimized with the Yoast SEO plugin v15.2.1 - https:\/\/yoast.com\/wordpress\/plugins\/seo\/ -->\n<title>Servicios - Hort\u00edcola Guadalfeo<\/title>\n<meta name=\"robots\" content=\"index, follow, max-snippet:-1, max-image-preview:large, max-video-preview:-1\" \/>\n<link rel=\"canonical\" href=\"http:\/\/www.hguadalfeo.com\/fr\/servicios-2\/\" \/>\n<meta property=\"og:locale\" content=\"fr_FR\" \/>\n<meta property=\"og:type\" content=\"article\" \/>\n<meta property=\"og:title\" content=\"Servicios - Hort\u00edcola Guadalfeo\" \/>\n<meta property=\"og:description\" content=\"[vc_row full_width=\u00a0\u00bbstretch_row\u00a0\u00bb enable_overlay=\u00a0\u00bbenable_overlay_value\u00a0\u00bb overlay_color=\u00a0\u00bb#ffffff\u00a0\u00bb css=\u00a0\u00bb.vc_custom_1529956727650{padding-top: 150px !important;padding-bottom: 100px !important;background-image: url(http:\/\/www.hguadalfeo.com\/wp-content\/uploads\/2018\/06\/Kumato-Horticola-Guadalfeo.-Produccion-y-Comercializacion-Hortofruticola-8.jpg?id=9447) !important;background-position: center !important;background-repeat: no-repeat !important;background-size: cover !important;}\u00a0\u00bb][vc_column css=\u00a0\u00bb.vc_custom_1492519764793{padding-top: 0px !important;}\u00a0\u00bb][\/vc_column][\/vc_row][vc_row full_width=\u00a0\u00bbstretch_row_content\u00a0\u00bb content_placement=\u00a0\u00bbtop\u00a0\u00bb css=\u00a0\u00bb.vc_custom_1536134866012{padding-bottom: 0px !important;background-image: url(http:\/\/www.hguadalfeo.com\/wp-content\/uploads\/2018\/06\/Horticola-Guadalfeo-Produccion-y-Comercializacion-Hortofruticola-8.jpg?id=9705) !important;background-position: center !important;background-repeat: no-repeat !important;background-size: cover !important;}\u00a0\u00bb][vc_column][vc_row_inner css=\u00a0\u00bb.vc_custom_1529844918753{background-position: center !important;background-repeat: no-repeat !important;background-size: cover !important;}\u00a0\u00bb][vc_column_inner...\" \/>\n<meta property=\"og:url\" content=\"http:\/\/www.hguadalfeo.com\/fr\/servicios-2\/\" \/>\n<meta property=\"og:site_name\" content=\"Hort\u00edcola Guadalfeo\" \/>\n<meta property=\"article:publisher\" content=\"https:\/\/www.facebook.com\/Hguadalfeo\/\" \/>\n<meta property=\"article:modified_time\" content=\"2023-09-04T00:55:55+00:00\" \/>\n<meta name=\"twitter:card\" content=\"summary_large_image\" \/>\n<meta name=\"twitter:label1\" content=\"\u00c9crit par\">\n\t<meta name=\"twitter:data1\" content=\"Admin DYM\">\n\t<meta name=\"twitter:label2\" content=\"Dur\u00e9e de lecture est.\">\n\t<meta name=\"twitter:data2\" content=\"5 minutes\">\n<script type=\"application\/ld+json\" class=\"yoast-schema-graph\">{\"@context\":\"https:\/\/schema.org\",\"@graph\":[{\"@type\":\"Organization\",\"@id\":\"https:\/\/www.hguadalfeo.com\/#organization\",\"name\":\"Hort\\u00edcola Guadalfeo\",\"url\":\"https:\/\/www.hguadalfeo.com\/\",\"sameAs\":[\"https:\/\/www.facebook.com\/Hguadalfeo\/\"],\"logo\":{\"@type\":\"ImageObject\",\"@id\":\"https:\/\/www.hguadalfeo.com\/#logo\",\"inLanguage\":\"fr-FR\",\"url\":\"https:\/\/www.hguadalfeo.com\/wp-content\/uploads\/2020\/09\/Logo-Horticola-Guadalfeo-1.png\",\"width\":250,\"height\":250,\"caption\":\"Hort\\u00edcola Guadalfeo\"},\"image\":{\"@id\":\"https:\/\/www.hguadalfeo.com\/#logo\"}},{\"@type\":\"WebSite\",\"@id\":\"https:\/\/www.hguadalfeo.com\/#website\",\"url\":\"https:\/\/www.hguadalfeo.com\/\",\"name\":\"Hort\\u00edcola Guadalfeo\",\"description\":\"Hort\\u00edcola Guadalfeo\",\"publisher\":{\"@id\":\"https:\/\/www.hguadalfeo.com\/#organization\"},\"potentialAction\":[{\"@type\":\"SearchAction\",\"target\":\"https:\/\/www.hguadalfeo.com\/?s={search_term_string}\",\"query-input\":\"required name=search_term_string\"}],\"inLanguage\":\"fr-FR\"},{\"@type\":\"WebPage\",\"@id\":\"http:\/\/www.hguadalfeo.com\/fr\/servicios-2\/#webpage\",\"url\":\"http:\/\/www.hguadalfeo.com\/fr\/servicios-2\/\",\"name\":\"Servicios - Hort\\u00edcola Guadalfeo\",\"isPartOf\":{\"@id\":\"https:\/\/www.hguadalfeo.com\/#website\"},\"datePublished\":\"2016-11-22T09:45:38+00:00\",\"dateModified\":\"2023-09-04T00:55:55+00:00\",\"inLanguage\":\"fr-FR\",\"potentialAction\":[{\"@type\":\"ReadAction\",\"target\":[\"http:\/\/www.hguadalfeo.com\/fr\/servicios-2\/\"]}]}]}<\/script>\n<!-- \/ Yoast SEO plugin. -->","_links":{"self":[{"href":"https:\/\/www.hguadalfeo.com\/fr\/wp-json\/wp\/v2\/pages\/10076"}],"collection":[{"href":"https:\/\/www.hguadalfeo.com\/fr\/wp-json\/wp\/v2\/pages"}],"about":[{"href":"https:\/\/www.hguadalfeo.com\/fr\/wp-json\/wp\/v2\/types\/page"}],"author":[{"embeddable":true,"href":"https:\/\/www.hguadalfeo.com\/fr\/wp-json\/wp\/v2\/users\/6"}],"replies":[{"embeddable":true,"href":"https:\/\/www.hguadalfeo.com\/fr\/wp-json\/wp\/v2\/comments?post=10076"}],"version-history":[{"count":1,"href":"https:\/\/www.hguadalfeo.com\/fr\/wp-json\/wp\/v2\/pages\/10076\/revisions"}],"predecessor-version":[{"id":11366,"href":"https:\/\/www.hguadalfeo.com\/fr\/wp-json\/wp\/v2\/pages\/10076\/revisions\/11366"}],"wp:attachment":[{"href":"https:\/\/www.hguadalfeo.com\/fr\/wp-json\/wp\/v2\/media?parent=10076"}],"curies":[{"name":"wp","href":"https:\/\/api.w.org\/{rel}","templated":true}]}}