{"id":10067,"date":"2016-10-18T09:43:24","date_gmt":"2016-10-18T09:43:24","guid":{"rendered":"http:\/\/www.hguadalfeo.com\/calidad\/"},"modified":"2023-10-19T14:42:10","modified_gmt":"2023-10-19T14:42:10","slug":"calidad","status":"publish","type":"page","link":"https:\/\/www.hguadalfeo.com\/fr\/calidad\/","title":{"rendered":"Calidad"},"content":{"rendered":"<p>[vc_row full_width=\u00a0\u00bbstretch_row\u00a0\u00bb enable_overlay=\u00a0\u00bbenable_overlay_value\u00a0\u00bb overlay_color=\u00a0\u00bb#ffffff\u00a0\u00bb css=\u00a0\u00bb.vc_custom_1535971872092{padding-top: 150px !important;padding-bottom: 110px !important;background-image: url(http:\/\/www.hguadalfeo.com\/wp-content\/uploads\/2018\/08\/Certificados-Horticola-Guadalfeo-1.jpg?id=9946) !important;background-position: center !important;background-repeat: no-repeat !important;background-size: cover !important;}\u00a0\u00bb][vc_column css=\u00a0\u00bb.vc_custom_1492519764793{padding-top: 0px !important;}\u00a0\u00bb]<div class=\" size-sm alignCenter clearfix\"><h1 class=\"main-title title normal-title size-sm alignCenter line-style1  pix-animate-cre\" data-trans=\"fadeInUp\"  data-duration=\"\"  data-delay=\"0.3s\" style=\"font-size: 45px; color: #ffffff; \">Seguridad Alimenticia<\/h1><\/div>[\/vc_column][\/vc_row][vc_row][vc_column width=\u00a0\u00bb1\/6&Prime;][\/vc_column][vc_column width=\u00a0\u00bb2\/3&Prime;]<div id=\"ultimate-heading-68956a03529357981\" class=\"uvc-heading ult-adjust-bottom-margin ultimate-heading-68956a03529357981 uvc-1063 \" data-hspacer=\"line_only\"  data-halign=\"center\" style=\"text-align:center\"><div class=\"uvc-main-heading ult-responsive\"  data-ultimate-target='.uvc-heading.ultimate-heading-68956a03529357981 h2'  data-responsive-json-new='{\"font-size\":\"desktop:38px;\",\"line-height\":\"\"}' ><h2 style=\"font-family:&#039;Poppins&#039;;font-weight:500;color:#222222;margin-bottom:20px;\">Nuestros Certificados<\/h2><\/div><div class=\"uvc-heading-spacer line_only\" style=\"margin-bottom:50px;height:5px;\"><span class=\"uvc-headings-line\" style=\"border-style:solid;border-bottom-width:5px;border-color:#00923f;width:100px;\"><\/span><\/div><\/div>[vc_column_text]<\/p>\n<p style=\"font-size: 16px; text-align: center;\"><strong>Hort\u00ed\u00adcola Guadalfeo<\/strong>\u00a0es una empresa que basa su\u00a0<strong>estrategia de mercado en la calidad y una gesti\u00f3n inmejorable de los productos<\/strong>.<\/p>\n<p style=\"text-align: center;\">Dichas destacadas cualidades nos han posibilitado obtener los siguientes certificados, que junto a la gesti\u00f3n responsable de nuestros productos nos hace ser una de las empresas hortofrut\u00ed\u00adcolas que m\u00e1s ha crecido en los \u00faltimos 10 a\u00f1os.<\/p>\n<p>[\/vc_column_text][vc_empty_space height=\u00a0\u00bb60px\u00a0\u00bb][vc_row_inner][vc_column_inner width=\u00a0\u00bb1\/3&Prime;]<div class=\"hover-box\"><div class=\"hover-box-front\"><img src=\"https:\/\/www.hguadalfeo.com\/wp-content\/uploads\/2018\/08\/Certificado-CAAE-Horticola-Guadalfeo-Produccion-y-Comercializacion-Hortofruticola-2-1.jpg\" alt=\"\"><\/div><div class=\"hover-box-back  vc_custom_1535732925478\"><div class=\"hover-box-overlay   fadeOut\" data-hover-animate data-trans-in=\"fadeIn\" data-trans-out=\"fadeOut\"><\/div><div class=\"hover-box-element-wrap\"><div class=\"hover-box-element  vc_custom_1529868226543  fadeOut light center bottom\"  data-hover-animate data-trans-in=\"fadeIn\" data-trans-out=\"fadeOut\" ><div class=\"pix_button button-center\"><a href=\"http:\/\/www.hguadalfeo.com\/wp-content\/uploads\/2018\/06\/Certificado-BRC-Horticola-Guadalfeo.pdf\"  target=\"_blank\" class=\"clear btn  btn-solid btn-hover-outline btn-oval  btn-sm color btn-hover-color\">M\u00e1s Informaci\u00f3n<\/a><\/div><\/div><\/div><\/div><\/div>[\/vc_column_inner][vc_column_inner width=\u00a0\u00bb1\/3&Prime;]<div class=\"hover-box\"><div class=\"hover-box-front\"><img src=\"https:\/\/www.hguadalfeo.com\/wp-content\/uploads\/2018\/08\/Certificado-BRC-Horticola-Guadalfeo-Produccion-y-Comercializacion-Hortofruticola-1.jpg\" alt=\"\"><\/div><div class=\"hover-box-back  vc_custom_1535732947608\"><div class=\"hover-box-overlay   fadeOut\" data-hover-animate data-trans-in=\"fadeIn\" data-trans-out=\"fadeOut\"><\/div><div class=\"hover-box-element-wrap\"><div class=\"hover-box-element  vc_custom_1529868226543  fadeOut light center bottom\"  data-hover-animate data-trans-in=\"fadeIn\" data-trans-out=\"fadeOut\" ><div class=\"pix_button button-center\"><a href=\"#\"  class=\"clear btn  btn-solid btn-hover-outline btn-oval  btn-sm color btn-hover-color\">M\u00e1s Informaci\u00f3n<\/a><\/div><\/div><\/div><\/div><\/div>[\/vc_column_inner][vc_column_inner width=\u00a0\u00bb1\/3&Prime;]<div class=\"hover-box\"><div class=\"hover-box-front\"><img src=\"https:\/\/www.hguadalfeo.com\/wp-content\/uploads\/2018\/08\/Certificado-IFS-Horticola-Guadalfeo-Produccion-y-Comercializacion-Hortofruticola-2-1.jpg\" alt=\"\"><\/div><div class=\"hover-box-back  vc_custom_1535732963994\"><div class=\"hover-box-overlay   fadeOut\" data-hover-animate data-trans-in=\"fadeIn\" data-trans-out=\"fadeOut\"><\/div><div class=\"hover-box-element-wrap\"><div class=\"hover-box-element  vc_custom_1529868226543  fadeOut light center bottom\"  data-hover-animate data-trans-in=\"fadeIn\" data-trans-out=\"fadeOut\" ><div class=\"pix_button button-center\"><a href=\"#\"  class=\"clear btn  btn-solid btn-hover-outline btn-oval  btn-sm color btn-hover-color\">M\u00e1s Informaci\u00f3n<\/a><\/div><\/div><\/div><\/div><\/div>[\/vc_column_inner][\/vc_row_inner][vc_empty_space][vc_row_inner][vc_column_inner width=\u00a0\u00bb1\/3&Prime;]<div class=\"hover-box\"><div class=\"hover-box-front\"><img src=\"https:\/\/www.hguadalfeo.com\/wp-content\/uploads\/2018\/08\/Certificado-GLOBAL-GAP-Horticola-Guadalfeo-Produccion-y-Comercializacion-Hortofruticola-1-1.jpg\" alt=\"\"><\/div><div class=\"hover-box-back  vc_custom_1535732980078\"><div class=\"hover-box-overlay   fadeOut\" data-hover-animate data-trans-in=\"fadeIn\" data-trans-out=\"fadeOut\"><\/div><div class=\"hover-box-element-wrap\"><div class=\"hover-box-element  vc_custom_1529868226543  fadeOut light center bottom\"  data-hover-animate data-trans-in=\"fadeIn\" data-trans-out=\"fadeOut\" ><div class=\"pix_button button-center\"><a href=\"#\"  class=\"clear btn  btn-solid btn-hover-outline btn-oval  btn-sm color btn-hover-color\">M\u00e1s Informaci\u00f3n<\/a><\/div><\/div><\/div><\/div><\/div>[\/vc_column_inner][vc_column_inner width=\u00a0\u00bb1\/3&Prime;]<div class=\"hover-box\"><div class=\"hover-box-front\"><img src=\"https:\/\/www.hguadalfeo.com\/wp-content\/uploads\/2018\/08\/Certificado-Global-GAP-GRASP-Horticola-Guadalfeo-Produccion-y-Comercializacion-Hortofruticola-1.jpg\" alt=\"\"><\/div><div class=\"hover-box-back  vc_custom_1535732995874\"><div class=\"hover-box-overlay   fadeOut\" data-hover-animate data-trans-in=\"fadeIn\" data-trans-out=\"fadeOut\"><\/div><div class=\"hover-box-element-wrap\"><div class=\"hover-box-element  vc_custom_1529868356259  fadeOut light center bottom\"  data-hover-animate data-trans-in=\"fadeIn\" data-trans-out=\"fadeOut\" ><div class=\"pix_button button-center\"><a href=\"#\"  class=\"clear btn  btn-solid btn-hover-outline btn-oval  btn-sm color btn-hover-color\">M\u00e1s Informaci\u00f3n<\/a><\/div><\/div><\/div><\/div><\/div>[\/vc_column_inner][vc_column_inner width=\u00a0\u00bb1\/3&Prime;]<div class=\"hover-box\"><div class=\"hover-box-front\"><img src=\"https:\/\/www.hguadalfeo.com\/wp-content\/uploads\/2018\/08\/LEAFlogo-EPS-1.jpg\" alt=\"\"><\/div><div class=\"hover-box-back  vc_custom_1535733009830\"><div class=\"hover-box-overlay   fadeOut\" data-hover-animate data-trans-in=\"fadeIn\" data-trans-out=\"fadeOut\"><\/div><div class=\"hover-box-element-wrap\"><div class=\"hover-box-element  vc_custom_1529868226543  fadeOut light center bottom\"  data-hover-animate data-trans-in=\"fadeIn\" data-trans-out=\"fadeOut\" ><div class=\"pix_button button-center\"><a href=\"#\"  class=\"clear btn  btn-solid btn-hover-outline btn-oval  btn-sm color btn-hover-color\">M\u00e1s Informaci\u00f3n<\/a><\/div><\/div><\/div><\/div><\/div>[\/vc_column_inner][\/vc_row_inner][\/vc_column][vc_column width=\u00a0\u00bb1\/6&Prime;][\/vc_column][\/vc_row][vc_row full_width=\u00a0\u00bbstretch_row\u00a0\u00bb bg_type=\u00a0\u00bbimage\u00a0\u00bb parallax_style=\u00a0\u00bbvcpb-vz-jquery\u00a0\u00bb bg_image_new=\u00a0\u00bbid^9625|url^http:\/\/www.hguadalfeo.com\/wp-content\/uploads\/2018\/06\/Horticola-Guadalfeo-Produccion-y-Comercializacion-Hortofruticola-1-2.jpg|caption^null|alt^null|title^Horticola Guadalfeo &#8211; Produccion y Comercializacion Hortofruticola 1|description^null\u00a0\u00bb bg_image_repeat=\u00a0\u00bbno-repeat\u00a0\u00bb parallax_sense=\u00a0\u00bb70&Prime; bg_override=\u00a0\u00bbex-full\u00a0\u00bb enable_overlay=\u00a0\u00bbenable_overlay_value\u00a0\u00bb overlay_color=\u00a0\u00bbrgba(255,255,255,0.8)\u00a0\u00bb overlay_pattern=\u00a0\u00bbtransperant\u00a0\u00bb][vc_column]<div class=\"ult-animation  ult-animate-viewport  ult-no-mobile \" data-animate=\"fadeInDown\" data-animation-delay=\"0.8\" data-animation-duration=\"0.5\" data-animation-iteration=\"1\" style=\"opacity:0;\" data-opacity_start_effect=\"\"><div id=\"ultimate-heading-11436a0352936152f\" class=\"uvc-heading ult-adjust-bottom-margin ultimate-heading-11436a0352936152f uvc-4308 \" data-hspacer=\"no_spacer\"  data-halign=\"center\" style=\"text-align:center\"><div class=\"uvc-heading-spacer no_spacer\" style=\"top\"><\/div><div class=\"uvc-main-heading ult-responsive\"  data-ultimate-target='.uvc-heading.ultimate-heading-11436a0352936152f h2'  data-responsive-json-new='{\"font-size\":\"desktop:38px;\",\"line-height\":\"\"}' ><h2 style=\"font-family:&#039;Poppins&#039;;font-weight:700;color:#333333;margin-bottom:-30px;\">La Calidad, Nuestra Raz\u00f3n de Ser<\/h2><\/div><\/div><\/div>[vc_empty_space height=\u00a0\u00bb20px\u00a0\u00bb]<div class=\"ult-animation  ult-animate-viewport  ult-no-mobile \" data-animate=\"fadeInDown\" data-animation-delay=\"1\" data-animation-duration=\"0.5\" data-animation-iteration=\"1\" style=\"opacity:0;\" data-opacity_start_effect=\"\"><div id=\"ultimate-heading-63136a03529361610\" class=\"uvc-heading ult-adjust-bottom-margin ultimate-heading-63136a03529361610 uvc-2019 \" data-hspacer=\"no_spacer\"  data-halign=\"center\" style=\"text-align:center\"><div class=\"uvc-heading-spacer no_spacer\" style=\"top\"><\/div><div class=\"uvc-sub-heading ult-responsive\"  data-ultimate-target='.uvc-heading.ultimate-heading-63136a03529361610 .uvc-sub-heading '  data-responsive-json-new='{\"font-size\":\"desktop:21px;\",\"line-height\":\"\"}'  style=\"font-family:&#039;Poppins&#039;;font-weight:300;color:#545454;margin-top:15px;\">Estrategia de mercado en la calidad y una gesti\u00f3n inmejorable de los productos<\/div><\/div><\/div>[vc_empty_space height=\u00a0\u00bb30px\u00a0\u00bb]<div class=\"ult-animation  ult-animate-viewport  ult-no-mobile \" data-animate=\"fadeInDown\" data-animation-delay=\"1\" data-animation-duration=\"0.5\" data-animation-iteration=\"1\" style=\"opacity:0;\" data-opacity_start_effect=\"\"><div class=\"pix_button button-center\"><a href=\"http:\/\/www.hguadalfeo.com\/productos\"  class=\"clear btn  btn-solid btn-hover-outline btn-oval  btn-front btn-sm color btn-hover-white\"><span class=\"btn-icon button-front pixicon-arrow-caret-right\"><\/span> Productos<\/a><\/div><\/div>[\/vc_column][\/vc_row][vc_row full_width=\u00a0\u00bbstretch_row_content\u00a0\u00bb css=\u00a0\u00bb.vc_custom_1535451730495{padding-top: 40px !important;background-color: #f4f4f4 !important;background-position: center !important;background-repeat: no-repeat !important;background-size: cover !important;}\u00a0\u00bb][vc_column width=\u00a0\u00bb1\/6&Prime;][\/vc_column][vc_column width=\u00a0\u00bb2\/3&Prime;]<div id=\"ultimate-heading-24156a03529361746\" class=\"uvc-heading ult-adjust-bottom-margin ultimate-heading-24156a03529361746 uvc-5705 \" data-hspacer=\"line_only\"  data-halign=\"center\" style=\"text-align:center\"><div class=\"uvc-main-heading ult-responsive\"  data-ultimate-target='.uvc-heading.ultimate-heading-24156a03529361746 h2'  data-responsive-json-new='{\"font-size\":\"desktop:38px;\",\"line-height\":\"\"}' ><h2 style=\"font-family:&#039;Poppins&#039;;font-weight:500;color:#222222;margin-bottom:20px;\">Calidad y Controles de Seguridad<\/h2><\/div><div class=\"uvc-heading-spacer line_only\" style=\"margin-bottom:50px;height:5px;\"><span class=\"uvc-headings-line\" style=\"border-style:solid;border-bottom-width:5px;border-color:#00923f;width:100px;\"><\/span><\/div><\/div>[vc_column_text]<\/p>\n<p style=\"font-size: 16px; text-align: left;\">Las frutas y hortalizas no solamente deben ser atractivas en cuanto a su apariencia, frescura, presentaci\u00f3n y valor nutritivo, sino que su consumo no debe poner en riesgo la salud. El consumidor no tiene forma de detectar la presencia de substancias nocivas y depende enteramente de la seriedad y responsabilidad de todos los integrantes de la cadena de producci\u00f3n y distribuci\u00f3n.<br \/>\nNecesariamente debe confiar en nosotros, adem\u00e1s de las precauciones que normalmente tomamos tales como lavar, pelar y\/o cocinar al producto antes de consumirlo.<br \/>\nPor esta raz\u00f3n, Hort\u00edcola Guadalfeo SL ha centrado su producci\u00f3n en la calidad y la seguridad alimentarias. Esta es nuestra preocupaci\u00f3n fundamental.<\/p>\n<p>[\/vc_column_text][\/vc_column][vc_column width=\u00a0\u00bb1\/6&Prime;][\/vc_column][\/vc_row][vc_row full_width=\u00a0\u00bbstretch_row_content_no_spaces\u00a0\u00bb equal_height=\u00a0\u00bbyes\u00a0\u00bb css=\u00a0\u00bb.vc_custom_1535446776417{padding-top: 0px !important;padding-bottom: 0px !important;background-color: #fcfcfc !important;}\u00a0\u00bb][vc_column width=\u00a0\u00bb1\/2&Prime; css=\u00a0\u00bb.vc_custom_1535450421219{padding-top: 65px !important;padding-right: 20% !important;padding-bottom: 65px !important;padding-left: 20% !important;}\u00a0\u00bb][vc_column_text]<\/p>\n<p style=\"font-size: 16px; text-align: left;\">Con las t\u00e9cnicas de cultivo m\u00e1s avanzadas aplicamos unas buenas pr\u00e1cticas agr\u00edcolas para lograr un control adecuado de las plagas, junto con m\u00e9todos naturales como son el uso de trampas cromotr\u00f3picas, enemigos naturales y cursos de formaci\u00f3n y actualizaci\u00f3n continuas del personal, que permiten conseguir unos productos (libres de cualquier tipo de residuos y) completamente seguros.<\/p>\n<p style=\"font-size: 16px; text-align: left;\">En esta l\u00f3gica, aseguramos la trazabilidad del total de nuestra producci\u00f3n desde el inicio de la plantaci\u00f3n hasta el consumidor y para garantizar la completa seguridad e inocuidad de nuestra producci\u00f3n se llevan a cabo continuos controles anal\u00edticos de agua, suelo, plantaciones y frutos, con un m\u00ednimo uso de fertilizantes, tratamientos fitosanitarios, energ\u00eda y agua.<\/p>\n<p><span style=\"display: block; overflow: hidden; height: 2px; width: 1px;\">more best swiss high quality <a href=\"https:\/\/www.bpfactoryrolex.com\/product\/bp-rolex-datejust-rolex-calibre-2836-2813-mens-116244sfaj-silver-floral-dial\/\">bp rolex datejust rolex calibre 2836 2813 mens 116244sfaj silver floral dial<\/a>.asia grade <a href=\"https:\/\/www.usareplicawatch.com\/product\/usa-replica-rolex-cellini-m50525-0009-rolex-calibre-9015-mingzhu-engine-mens-15mm\/\">usa replica rolex cellini m50525 0009 rolex calibre 9015 mingzhu engine mens 15mm<\/a>.<\/span><\/p>\n<p style=\"font-size: 16px; text-align: left;\">En resumen, las ideas b\u00e1sicas sobre las que desarrollamos nuestra actividad son la seguridad alimentaria, la protecci\u00f3n medioambiental y el bienestar laboral.<\/p>\n<p>[\/vc_column_text][\/vc_column][vc_column width=\u00a0\u00bb1\/2&Prime; css=\u00a0\u00bb.vc_custom_1599128606984{margin-top: 0px !important;margin-right: 0px !important;margin-bottom: 0px !important;margin-left: 0px !important;padding-top: 0px !important;padding-right: 0px !important;padding-bottom: 0px !important;padding-left: 0px !important;background-image: url(http:\/\/www.hguadalfeo.com\/wp-content\/uploads\/2018\/06\/Calidad-Horticola-Guadalfeo-Produccion-y-Comercializacion-Hortofruticola-2.jpg?id=9811) !important;background-position: center !important;background-repeat: no-repeat !important;background-size: cover !important;}\u00a0\u00bb][\/vc_column][\/vc_row][vc_row full_width=\u00a0\u00bbstretch_row\u00a0\u00bb parallax=\u00a0\u00bbcontent-moving\u00a0\u00bb parallax_speed_bg=\u00a0\u00bb3.5&Prime; color_style=\u00a0\u00bblight\u00a0\u00bb css=\u00a0\u00bb.vc_custom_1529914301206{background-image: url(http:\/\/www.hguadalfeo.com\/wp-content\/uploads\/2018\/06\/Horticola-Guadalfeo-Produccion-y-Comercializacion-Hortofruticola-3-2.jpg?id=9805) !important;background-position: center;background-repeat: no-repeat !important;background-size: cover !important;}\u00a0\u00bb el_id=\u00a0\u00bbresearch\u00a0\u00bb][vc_column]<div id=\"ultimate-heading-85166a035293617aa\" class=\"uvc-heading ult-adjust-bottom-margin ultimate-heading-85166a035293617aa uvc-7493 \" data-hspacer=\"no_spacer\"  data-halign=\"center\" style=\"text-align:center\"><div class=\"uvc-heading-spacer no_spacer\" style=\"top\"><\/div><div class=\"uvc-main-heading ult-responsive\"  data-ultimate-target='.uvc-heading.ultimate-heading-85166a035293617aa h2'  data-responsive-json-new='{\"font-size\":\"desktop:25px;\",\"line-height\":\"\"}' ><h2 style=\"font-family:&#039;Poppins&#039;;font-weight:700;color:#ffffff;margin-bottom:50px;\">No dude en ponerse en contacto con nosotros, estaremos encantados de aterderle<\/h2><\/div><\/div><div class=\"pix_button button-center\"><a href=\"http:\/\/www.hguadalfeo.com\/contacto\"  class=\"clear btn  btn-outline btn-hover-solid btn-oval  btn-lg white btn-hover-white\">Cont\u00e1ctenos<\/a><\/div>[\/vc_column][\/vc_row]<\/p>\n","protected":false},"excerpt":{"rendered":"<p>[vc_row full_width=\u00a0\u00bbstretch_row\u00a0\u00bb enable_overlay=\u00a0\u00bbenable_overlay_value\u00a0\u00bb overlay_color=\u00a0\u00bb#ffffff\u00a0\u00bb css=\u00a0\u00bb.vc_custom_1535971872092{padding-top: 150px !important;padding-bottom: 110px !important;background-image: url(http:\/\/www.hguadalfeo.com\/wp-content\/uploads\/2018\/08\/Certificados-Horticola-Guadalfeo-1.jpg?id=9946) !important;background-position: center !important;background-repeat: no-repeat !important;background-size: cover !important;}\u00a0\u00bb][vc_column css=\u00a0\u00bb.vc_custom_1492519764793{padding-top: 0px !important;}\u00a0\u00bb][\/vc_column][\/vc_row][vc_row][vc_column width=\u00a0\u00bb1\/6&Prime;][\/vc_column][vc_column width=\u00a0\u00bb2\/3&Prime;][vc_column_text] Hort\u00ed\u00adcola Guadalfeo\u00a0es una empresa que basa su\u00a0estrategia de mercado en la calidad y una gesti\u00f3n inmejorable de los&#8230;<\/p>\n","protected":false},"author":6,"featured_media":0,"parent":0,"menu_order":0,"comment_status":"closed","ping_status":"closed","template":"","meta":[],"yoast_head":"<!-- This site is optimized with the Yoast SEO plugin v15.2.1 - https:\/\/yoast.com\/wordpress\/plugins\/seo\/ -->\n<title>Calidad - Hort\u00edcola Guadalfeo<\/title>\n<meta name=\"robots\" content=\"index, follow, max-snippet:-1, max-image-preview:large, max-video-preview:-1\" \/>\n<link rel=\"canonical\" href=\"http:\/\/www.hguadalfeo.com\/fr\/calidad\/\" \/>\n<meta property=\"og:locale\" content=\"fr_FR\" \/>\n<meta property=\"og:type\" content=\"article\" \/>\n<meta property=\"og:title\" content=\"Calidad - Hort\u00edcola Guadalfeo\" \/>\n<meta property=\"og:description\" content=\"[vc_row full_width=\u00a0\u00bbstretch_row\u00a0\u00bb enable_overlay=\u00a0\u00bbenable_overlay_value\u00a0\u00bb overlay_color=\u00a0\u00bb#ffffff\u00a0\u00bb css=\u00a0\u00bb.vc_custom_1535971872092{padding-top: 150px !important;padding-bottom: 110px !important;background-image: url(http:\/\/www.hguadalfeo.com\/wp-content\/uploads\/2018\/08\/Certificados-Horticola-Guadalfeo-1.jpg?id=9946) !important;background-position: center !important;background-repeat: no-repeat !important;background-size: cover !important;}\u00a0\u00bb][vc_column css=\u00a0\u00bb.vc_custom_1492519764793{padding-top: 0px !important;}\u00a0\u00bb][\/vc_column][\/vc_row][vc_row][vc_column width=\u00a0\u00bb1\/6&Prime;][\/vc_column][vc_column width=\u00a0\u00bb2\/3&Prime;][vc_column_text] Hort\u00ed\u00adcola Guadalfeo\u00a0es una empresa que basa su\u00a0estrategia de mercado en la calidad y una gesti\u00f3n inmejorable de los...\" \/>\n<meta property=\"og:url\" content=\"http:\/\/www.hguadalfeo.com\/fr\/calidad\/\" \/>\n<meta property=\"og:site_name\" content=\"Hort\u00edcola Guadalfeo\" \/>\n<meta property=\"article:publisher\" content=\"https:\/\/www.facebook.com\/Hguadalfeo\/\" \/>\n<meta property=\"article:modified_time\" content=\"2023-10-19T14:42:10+00:00\" \/>\n<meta name=\"twitter:card\" content=\"summary_large_image\" \/>\n<meta name=\"twitter:label1\" content=\"\u00c9crit par\">\n\t<meta name=\"twitter:data1\" content=\"Admin DYM\">\n\t<meta name=\"twitter:label2\" content=\"Dur\u00e9e de lecture est.\">\n\t<meta name=\"twitter:data2\" content=\"7 minutes\">\n<script type=\"application\/ld+json\" class=\"yoast-schema-graph\">{\"@context\":\"https:\/\/schema.org\",\"@graph\":[{\"@type\":\"Organization\",\"@id\":\"https:\/\/www.hguadalfeo.com\/#organization\",\"name\":\"Hort\\u00edcola Guadalfeo\",\"url\":\"https:\/\/www.hguadalfeo.com\/\",\"sameAs\":[\"https:\/\/www.facebook.com\/Hguadalfeo\/\"],\"logo\":{\"@type\":\"ImageObject\",\"@id\":\"https:\/\/www.hguadalfeo.com\/#logo\",\"inLanguage\":\"fr-FR\",\"url\":\"https:\/\/www.hguadalfeo.com\/wp-content\/uploads\/2020\/09\/Logo-Horticola-Guadalfeo-1.png\",\"width\":250,\"height\":250,\"caption\":\"Hort\\u00edcola Guadalfeo\"},\"image\":{\"@id\":\"https:\/\/www.hguadalfeo.com\/#logo\"}},{\"@type\":\"WebSite\",\"@id\":\"https:\/\/www.hguadalfeo.com\/#website\",\"url\":\"https:\/\/www.hguadalfeo.com\/\",\"name\":\"Hort\\u00edcola Guadalfeo\",\"description\":\"Hort\\u00edcola Guadalfeo\",\"publisher\":{\"@id\":\"https:\/\/www.hguadalfeo.com\/#organization\"},\"potentialAction\":[{\"@type\":\"SearchAction\",\"target\":\"https:\/\/www.hguadalfeo.com\/?s={search_term_string}\",\"query-input\":\"required name=search_term_string\"}],\"inLanguage\":\"fr-FR\"},{\"@type\":\"WebPage\",\"@id\":\"http:\/\/www.hguadalfeo.com\/fr\/calidad\/#webpage\",\"url\":\"http:\/\/www.hguadalfeo.com\/fr\/calidad\/\",\"name\":\"Calidad - Hort\\u00edcola Guadalfeo\",\"isPartOf\":{\"@id\":\"https:\/\/www.hguadalfeo.com\/#website\"},\"datePublished\":\"2016-10-18T09:43:24+00:00\",\"dateModified\":\"2023-10-19T14:42:10+00:00\",\"inLanguage\":\"fr-FR\",\"potentialAction\":[{\"@type\":\"ReadAction\",\"target\":[\"http:\/\/www.hguadalfeo.com\/fr\/calidad\/\"]}]}]}<\/script>\n<!-- \/ Yoast SEO plugin. -->","_links":{"self":[{"href":"https:\/\/www.hguadalfeo.com\/fr\/wp-json\/wp\/v2\/pages\/10067"}],"collection":[{"href":"https:\/\/www.hguadalfeo.com\/fr\/wp-json\/wp\/v2\/pages"}],"about":[{"href":"https:\/\/www.hguadalfeo.com\/fr\/wp-json\/wp\/v2\/types\/page"}],"author":[{"embeddable":true,"href":"https:\/\/www.hguadalfeo.com\/fr\/wp-json\/wp\/v2\/users\/6"}],"replies":[{"embeddable":true,"href":"https:\/\/www.hguadalfeo.com\/fr\/wp-json\/wp\/v2\/comments?post=10067"}],"version-history":[{"count":4,"href":"https:\/\/www.hguadalfeo.com\/fr\/wp-json\/wp\/v2\/pages\/10067\/revisions"}],"predecessor-version":[{"id":11383,"href":"https:\/\/www.hguadalfeo.com\/fr\/wp-json\/wp\/v2\/pages\/10067\/revisions\/11383"}],"wp:attachment":[{"href":"https:\/\/www.hguadalfeo.com\/fr\/wp-json\/wp\/v2\/media?parent=10067"}],"curies":[{"name":"wp","href":"https:\/\/api.w.org\/{rel}","templated":true}]}}