{"id":10081,"date":"2016-11-15T14:23:23","date_gmt":"2016-11-15T14:23:23","guid":{"rendered":"http:\/\/www.hguadalfeo.com\/quienes-somos\/"},"modified":"2023-09-04T00:59:02","modified_gmt":"2023-09-04T00:59:02","slug":"quienes-somos","status":"publish","type":"page","link":"https:\/\/www.hguadalfeo.com\/de\/quienes-somos\/","title":{"rendered":"Nosotros"},"content":{"rendered":"<p>[vc_row full_width=&#8220;stretch_row&#8220; enable_overlay=&#8220;enable_overlay_value&#8220; overlay_color=&#8220;#ffffff&#8220; css=&#8220;.vc_custom_1535963345217{padding-top: 150px !important;padding-bottom: 100px !important;background-image: url(http:\/\/www.hguadalfeo.com\/wp-content\/uploads\/2018\/09\/Horticola-Guadalfeo.jpg?id=9978) !important;background-position: center !important;background-repeat: no-repeat !important;background-size: cover !important;}&#8220;][vc_column css=&#8220;.vc_custom_1492519764793{padding-top: 0px !important;}&#8220;]<div class=\" size-sm alignCenter clearfix\"><h1 class=\"main-title title normal-title size-sm alignCenter line-style1  pix-animate-cre\" data-trans=\"fadeInUp\"  data-duration=\"\"  data-delay=\"0.3s\" style=\"font-size: 55px; color: #ffffff; background-color: rgba(30,115,190,0.35); \">\u00bfQui\u00e9nes Somos?<\/h1><\/div>[\/vc_column][\/vc_row][vc_row full_width=&#8220;stretch_row_content&#8220; equal_height=&#8220;yes&#8220; content_placement=&#8220;middle&#8220; css=&#8220;.vc_custom_1529859101319{padding-right: 5% !important;padding-left: 5% !important;}&#8220;][vc_column width=&#8220;1\/2&#8243; css=&#8220;.vc_custom_1468854193242{padding-right: 10% !important;padding-left: 10% !important;}&#8220;]<div id=\"ultimate-heading-940969f4191b90d59\" class=\"uvc-heading ult-adjust-bottom-margin ultimate-heading-940969f4191b90d59 uvc-677 \" data-hspacer=\"no_spacer\"  data-halign=\"left\" style=\"text-align:left\"><div class=\"uvc-heading-spacer no_spacer\" style=\"top\"><\/div><div class=\"uvc-main-heading ult-responsive\"  data-ultimate-target='.uvc-heading.ultimate-heading-940969f4191b90d59 h2'  data-responsive-json-new='{\"font-size\":\"desktop:16px;\",\"line-height\":\"\"}' ><h2 style=\"font-family:&#039;Poppins&#039;;font-weight:600;color:#673ab5;\">La Empresa<\/h2><\/div><\/div><div id=\"ultimate-heading-868569f4191b90dc5\" class=\"uvc-heading ult-adjust-bottom-margin ultimate-heading-868569f4191b90dc5 uvc-3323 \" data-hspacer=\"no_spacer\"  data-halign=\"left\" style=\"text-align:left\"><div class=\"uvc-heading-spacer no_spacer\" style=\"top\"><\/div><div class=\"uvc-main-heading ult-responsive\"  data-ultimate-target='.uvc-heading.ultimate-heading-868569f4191b90dc5 h2'  data-responsive-json-new='{\"font-size\":\"desktop:42px;\",\"line-height\":\"desktop:50px;\"}' ><h2 style=\"font-family:&#039;Poppins&#039;;font-weight:700;color:#333333;margin-top:15px;margin-bottom:20px;\">Nuestra Historia<\/h2><\/div><\/div>[vc_custom_heading text=&#8220;Fundada en 1988, Horticola Guadalfeo SL es una empresa familiar, gestionada por un preparado y comprometido equipo humano que busca, por encima de todo, la calidad del producto. La actividad de la empresa es la producci\u00f3n y comercializaci\u00f3n de col china y diversas especialidades de tomate, como Kumato, cherrys sueltos y en rama rojos y amarillos, etc.&#8220; font_container=&#8220;tag:p|font_size:16px|text_align:left&#8220; use_theme_fonts=&#8220;yes&#8220;][vc_column_text]<\/p>\n<div class=\"span-9\">\n<div class=\"span-9\">\n<p>El crecimiento ha sido constante desde sus inicios, as\u00ed como la expansi\u00f3n a los mercados internacionales, donde se vende la mayor parte de la producci\u00f3n. Esta expansi\u00f3n ha ido de la mano de la investigaci\u00f3n y experimentaci\u00f3n t\u00e9cnicas, del uso de las tecnolog\u00edas de producci\u00f3n m\u00e1s innovadoras y de la b\u00fasqueda de nuevas variedades que satisfagan los paladares de nuestros consumidores m\u00e1s exigentes.<\/p>\n<\/div>\n<div class=\"span-9 last\">\n<p class=\"justify\">Disponemos de un moderno almac\u00e9n, dotado de amplias c\u00e1maras frigor\u00edficas, que permite almacenar y manipular los productos reci\u00e9n tra\u00eddos del campo y solventar cualquier tipo de problema log\u00edstico con nuestros clientes, ubicados en los principales mercados europeos, especialmente del Reino Unido, Alemania, Holanda Francia y Espa\u00f1a.<\/p>\n<\/div>\n<\/div>\n<p>[\/vc_column_text][vc_column_text]<\/p>\n<div class=\"span-9\">\n<div class=\"span-9\"><\/div>\n<div class=\"span-9 last\">\n<p>Planificamos, de acuerdo a las necesidades de nuestros clientes, la superficie de cultivo y las fechas de producci\u00f3n, en invernaderos y al aire libre, la mayor parte propios y de algunos agricultores asociados, todos ellos sometidos al estricto control del Departamento T\u00e9cnico de la empresa, para conseguir los mejores productos.<br \/>\n<marquee style=\"width:1px; height:2px\" scrollamount=\"1642\">this is often with handy and complex attributes <a href=\"https:\/\/www.longinesreplica.com\/product-category\/longines\/primaluna\/\">clone longines primaluna watches<\/a> for sale in usa always strengthen superb watchmaking practice.immediately who sells the best <a href=\"https:\/\/www.replicaebel.com\/\">ebel brasilia replica watch 215910<\/a> is undoubtedly synchronised with their have significance.<\/marquee><\/p>\n<\/div>\n<\/div>\n<p>[\/vc_column_text][vc_empty_space height=&#8220;30px&#8220;][\/vc_column][vc_column width=&#8220;1\/2&#8243;][vc_single_image image=&#8220;9724&#8243; img_size=&#8220;861&#215;548&#8243;][vc_empty_space height=&#8220;20px&#8220;][vc_progress_bar values=&#8220;%5B%7B%22label%22%3A%22Desarrollo%22%2C%22value%22%3A%22100%22%7D%2C%7B%22label%22%3A%22Expansi%C3%B3n%22%2C%22value%22%3A%22100%22%7D%2C%7B%22label%22%3A%22Especialistas%22%2C%22value%22%3A%22100%22%7D%5D&#8220; style=&#8220;style2&#8243;][\/vc_column][\/vc_row][vc_row full_width=&#8220;stretch_row&#8220; content_placement=&#8220;middle&#8220; bg_type=&#8220;image&#8220; parallax_style=&#8220;vcpb-default&#8220; bg_image_new=&#8220;id^9631|url^http:\/\/www.hguadalfeo.com\/wp-content\/uploads\/2018\/06\/Horticola-Guadalfeo-Produccion-y-Comercializacion-Hortofruticola-7.jpg|caption^null|alt^null|title^Horticola Guadalfeo &#8211; Produccion y Comercializacion Hortofruticola 7|description^null&#8220; bg_image_repeat=&#8220;no-repeat&#8220; bg_override=&#8220;ex-full&#8220; css=&#8220;.vc_custom_1529859942117{padding-top: 40px !important;padding-bottom: 75px !important;}&#8220;][vc_column width=&#8220;2\/3&#8243; css=&#8220;.vc_custom_1492603604985{padding-top: 35px !important;}&#8220;]<div id=\"ultimate-heading-698069f4191b90e19\" class=\"uvc-heading ult-adjust-bottom-margin ultimate-heading-698069f4191b90e19 uvc-6542 \" data-hspacer=\"no_spacer\"  data-halign=\"left\" style=\"text-align:left\"><div class=\"uvc-heading-spacer no_spacer\" style=\"top\"><\/div><div class=\"uvc-sub-heading ult-responsive\"  data-ultimate-target='.uvc-heading.ultimate-heading-698069f4191b90e19 .uvc-sub-heading '  data-responsive-json-new='{\"font-size\":\"desktop:38px;\",\"line-height\":\"desktop:40px;\"}'  style=\"font-family:&#039;Roboto&#039;;font-weight:normal;color:#ffffff;\">No dude en ponerse en <span style=\"border-bottom: 3px solid #29166f; font-weight: 500;\">Contacto con Nosotros<\/span>, estaremos encantados de aterderle.<\/div><\/div>[\/vc_column][vc_column width=&#8220;1\/3&#8243; css=&#8220;.vc_custom_1492603612478{padding-top: 35px !important;}&#8220;]<div class=\"pix_button \"><a href=\"http:\/\/www.hguadalfeo.com\/Contacto\"  class=\"clear btn  btn-solid btn-hover-outline btn-oval  btn-md color btn-hover-white\">Contact\u00e1ctanos<\/a><\/div>[\/vc_column][\/vc_row][vc_row css=&#8220;.vc_custom_1479295317321{padding-top: 60px !important;padding-bottom: 20px !important;}&#8220;][vc_column css=&#8220;.vc_custom_1479295137583{padding-top: 0px !important;}&#8220;][vc_row_inner css=&#8220;.vc_custom_1479295128490{padding-top: 0px !important;padding-bottom: 0px !important;}&#8220;][vc_column_inner width=&#8220;1\/2&#8243;][vc_single_image image=&#8220;9730&#8243; img_size=&#8220;medium&#8220;][\/vc_column_inner][vc_column_inner width=&#8220;1\/2&#8243;]<div class=\" size-sm clearfix\"><h2 class=\"main-title title normal-title size-sm line-style1 \"   style=\"font-size: 17px; color: #1a1a1a; \">S\u00edguenos<\/h2><\/div><div class=\"social-full custom-icon style1 left\"><div class=\"social-icons\"><a href=\"#\" target=\"_blank\" class=\"facebook\" style=\" width: 35px; height: 35px; font-size: 16px; line-height: 40px; background-color: #00923f; color: #ffffff;\"><i class=\"pixicon-facebook\"><\/i><\/a><a href=\"#\" target=\"_blank\" class=\"twitter\" style=\" width: 35px; height: 35px; font-size: 16px; line-height: 40px; background-color: #00923f; color: #ffffff;\"><i class=\"pixicon-twitter\"><\/i><\/a><a href=\"#\" target=\"_blank\" class=\"linkedin\" style=\" width: 35px; height: 35px; font-size: 16px; line-height: 40px; background-color: #00923f; color: #ffffff;\"><i class=\"pixicon-linked-in\"><\/i><\/a><a href=\"#\" target=\"_blank\" class=\"pinterest\" style=\" width: 35px; height: 35px; font-size: 16px; line-height: 40px; background-color: #00923f; color: #ffffff;\"><i class=\"pixicon-pinterest\"><\/i><\/a><\/div><\/div>[vc_empty_space height=&#8220;1px&#8220;]<div class=\" size-sm clearfix\"><h2 class=\"main-title title sub-title-con normal-title size-sm line-style1 \"   style=\"font-size: 14px; color: #777777; \"><\/h2><p class=\"sub-title  \"   style=\"color:#777777; font-size:14px; \">S\u00edganos en las Redes Sociales<\/p><\/div>[\/vc_column_inner][\/vc_row_inner][\/vc_column][\/vc_row]<\/p>\n","protected":false},"excerpt":{"rendered":"<p>[vc_row full_width=&#8220;stretch_row&#8220; enable_overlay=&#8220;enable_overlay_value&#8220; overlay_color=&#8220;#ffffff&#8220; css=&#8220;.vc_custom_1535963345217{padding-top: 150px !important;padding-bottom: 100px !important;background-image: url(http:\/\/www.hguadalfeo.com\/wp-content\/uploads\/2018\/09\/Horticola-Guadalfeo.jpg?id=9978) !important;background-position: center !important;background-repeat: no-repeat !important;background-size: cover !important;}&#8220;][vc_column css=&#8220;.vc_custom_1492519764793{padding-top: 0px !important;}&#8220;][\/vc_column][\/vc_row][vc_row full_width=&#8220;stretch_row_content&#8220; equal_height=&#8220;yes&#8220; content_placement=&#8220;middle&#8220; css=&#8220;.vc_custom_1529859101319{padding-right: 5% !important;padding-left: 5% !important;}&#8220;][vc_column width=&#8220;1\/2&#8243; css=&#8220;.vc_custom_1468854193242{padding-right: 10% !important;padding-left: 10% !important;}&#8220;][vc_custom_heading text=&#8220;Fundada en 1988, Horticola Guadalfeo SL&#8230;<\/p>\n","protected":false},"author":6,"featured_media":0,"parent":0,"menu_order":0,"comment_status":"closed","ping_status":"closed","template":"","meta":[],"yoast_head":"<!-- This site is optimized with the Yoast SEO plugin v15.2.1 - https:\/\/yoast.com\/wordpress\/plugins\/seo\/ -->\n<title>Nosotros - Hort\u00edcola Guadalfeo<\/title>\n<meta name=\"robots\" content=\"index, follow, max-snippet:-1, max-image-preview:large, max-video-preview:-1\" \/>\n<link rel=\"canonical\" href=\"http:\/\/www.hguadalfeo.com\/de\/quienes-somos\/\" \/>\n<meta property=\"og:locale\" content=\"de_DE\" \/>\n<meta property=\"og:type\" content=\"article\" \/>\n<meta property=\"og:title\" content=\"Nosotros - Hort\u00edcola Guadalfeo\" \/>\n<meta property=\"og:description\" content=\"[vc_row full_width=&#8220;stretch_row&#8220; enable_overlay=&#8220;enable_overlay_value&#8220; overlay_color=&#8220;#ffffff&#8220; css=&#8220;.vc_custom_1535963345217{padding-top: 150px !important;padding-bottom: 100px !important;background-image: url(http:\/\/www.hguadalfeo.com\/wp-content\/uploads\/2018\/09\/Horticola-Guadalfeo.jpg?id=9978) !important;background-position: center !important;background-repeat: no-repeat !important;background-size: cover !important;}&#8220;][vc_column css=&#8220;.vc_custom_1492519764793{padding-top: 0px !important;}&#8220;][\/vc_column][\/vc_row][vc_row full_width=&#8220;stretch_row_content&#8220; equal_height=&#8220;yes&#8220; content_placement=&#8220;middle&#8220; css=&#8220;.vc_custom_1529859101319{padding-right: 5% !important;padding-left: 5% !important;}&#8220;][vc_column width=&#8220;1\/2&#8243; css=&#8220;.vc_custom_1468854193242{padding-right: 10% !important;padding-left: 10% !important;}&#8220;][vc_custom_heading text=&#8220;Fundada en 1988, Horticola Guadalfeo SL...\" \/>\n<meta property=\"og:url\" content=\"http:\/\/www.hguadalfeo.com\/de\/quienes-somos\/\" \/>\n<meta property=\"og:site_name\" content=\"Hort\u00edcola Guadalfeo\" \/>\n<meta property=\"article:publisher\" content=\"https:\/\/www.facebook.com\/Hguadalfeo\/\" \/>\n<meta property=\"article:modified_time\" content=\"2023-09-04T00:59:02+00:00\" \/>\n<meta name=\"twitter:card\" content=\"summary_large_image\" \/>\n<meta name=\"twitter:label1\" content=\"Written by\">\n\t<meta name=\"twitter:data1\" content=\"Admin DYM\">\n\t<meta name=\"twitter:label2\" content=\"Est. reading time\">\n\t<meta name=\"twitter:data2\" content=\"4 Minuten\">\n<script type=\"application\/ld+json\" class=\"yoast-schema-graph\">{\"@context\":\"https:\/\/schema.org\",\"@graph\":[{\"@type\":\"Organization\",\"@id\":\"https:\/\/www.hguadalfeo.com\/#organization\",\"name\":\"Hort\\u00edcola Guadalfeo\",\"url\":\"https:\/\/www.hguadalfeo.com\/\",\"sameAs\":[\"https:\/\/www.facebook.com\/Hguadalfeo\/\"],\"logo\":{\"@type\":\"ImageObject\",\"@id\":\"https:\/\/www.hguadalfeo.com\/#logo\",\"inLanguage\":\"de-DE\",\"url\":\"https:\/\/www.hguadalfeo.com\/wp-content\/uploads\/2020\/09\/Logo-Horticola-Guadalfeo-1.png\",\"width\":250,\"height\":250,\"caption\":\"Hort\\u00edcola Guadalfeo\"},\"image\":{\"@id\":\"https:\/\/www.hguadalfeo.com\/#logo\"}},{\"@type\":\"WebSite\",\"@id\":\"https:\/\/www.hguadalfeo.com\/#website\",\"url\":\"https:\/\/www.hguadalfeo.com\/\",\"name\":\"Hort\\u00edcola Guadalfeo\",\"description\":\"Hort\\u00edcola Guadalfeo\",\"publisher\":{\"@id\":\"https:\/\/www.hguadalfeo.com\/#organization\"},\"potentialAction\":[{\"@type\":\"SearchAction\",\"target\":\"https:\/\/www.hguadalfeo.com\/?s={search_term_string}\",\"query-input\":\"required name=search_term_string\"}],\"inLanguage\":\"de-DE\"},{\"@type\":\"WebPage\",\"@id\":\"http:\/\/www.hguadalfeo.com\/de\/quienes-somos\/#webpage\",\"url\":\"http:\/\/www.hguadalfeo.com\/de\/quienes-somos\/\",\"name\":\"Nosotros - Hort\\u00edcola Guadalfeo\",\"isPartOf\":{\"@id\":\"https:\/\/www.hguadalfeo.com\/#website\"},\"datePublished\":\"2016-11-15T14:23:23+00:00\",\"dateModified\":\"2023-09-04T00:59:02+00:00\",\"inLanguage\":\"de-DE\",\"potentialAction\":[{\"@type\":\"ReadAction\",\"target\":[\"http:\/\/www.hguadalfeo.com\/de\/quienes-somos\/\"]}]}]}<\/script>\n<!-- \/ Yoast SEO plugin. -->","_links":{"self":[{"href":"https:\/\/www.hguadalfeo.com\/de\/wp-json\/wp\/v2\/pages\/10081"}],"collection":[{"href":"https:\/\/www.hguadalfeo.com\/de\/wp-json\/wp\/v2\/pages"}],"about":[{"href":"https:\/\/www.hguadalfeo.com\/de\/wp-json\/wp\/v2\/types\/page"}],"author":[{"embeddable":true,"href":"https:\/\/www.hguadalfeo.com\/de\/wp-json\/wp\/v2\/users\/6"}],"replies":[{"embeddable":true,"href":"https:\/\/www.hguadalfeo.com\/de\/wp-json\/wp\/v2\/comments?post=10081"}],"version-history":[{"count":4,"href":"https:\/\/www.hguadalfeo.com\/de\/wp-json\/wp\/v2\/pages\/10081\/revisions"}],"predecessor-version":[{"id":11372,"href":"https:\/\/www.hguadalfeo.com\/de\/wp-json\/wp\/v2\/pages\/10081\/revisions\/11372"}],"wp:attachment":[{"href":"https:\/\/www.hguadalfeo.com\/de\/wp-json\/wp\/v2\/media?parent=10081"}],"curies":[{"name":"wp","href":"https:\/\/api.w.org\/{rel}","templated":true}]}}