{"id":10064,"date":"2016-04-25T13:04:03","date_gmt":"2016-04-25T13:04:03","guid":{"rendered":"http:\/\/www.hguadalfeo.com\/business-3\/"},"modified":"2024-03-03T12:13:02","modified_gmt":"2024-03-03T12:13:02","slug":"business-3-2","status":"publish","type":"page","link":"https:\/\/www.hguadalfeo.com\/de\/","title":{"rendered":"Inicio"},"content":{"rendered":"<p>[vc_row full_width=&#8220;stretch_row_content_no_spaces&#8220; css=&#8220;.vc_custom_1463407927935{padding-top: 0px !important;padding-bottom: 0px !important;background-color: #222222 !important;}&#8220;][vc_column css=&#8220;.vc_custom_1463402071163{padding-top: 0px !important;}&#8220;]<div class=\"composer-primary-slider arrow-style-1\" data-items=\"1\" data-loop=\"true\" data-autoplay=\"true\" data-autoplay-timeout=\"6000\" data-nav=\"false\" data-autoplay_hover_pause=\"true\" data-dots=\"true\" data-animate-in=\"fadeIn\" data-animate-out=\"false\" data-touch-drag=\"true\" data-mouse-drag=\"true\"><div class=\"slider-content align-center  vc_custom_1643386774536\" data-header=\"black\"><div class=\"slider-wrap\"><div class=\"slider-wrap-inner\"><h2 class=\"slide-title\" style=\"color:#ffffff;\">HORTICOLA GUADALFEO<\/h2><p class=\"slide-content\" style=\"color:#000000;\"><\/p><div class=\"pix_button \"><a href=\"http:\/\/www.hguadalfeo.com\/contacto\"  class=\"clear btn btn-solid btn-hover-outline btn-oval color btn-hover-color\">Contacto<\/a><\/div><\/div><\/div><\/div><div class=\"slider-content align-center  vc_custom_1555416178203\" data-header=\"white\"><div class=\"slider-wrap\"><div class=\"slider-wrap-inner\"><h2 class=\"slide-title\" style=\"color:#ffffff;\">Agricultores Especializados<\/h2><p class=\"slide-content\" style=\"color:#ffffff;\"><\/p><div class=\"pix_button \"><a href=\"http:\/\/www.hguadalfeo.com\/servicios\"  class=\"clear btn btn-solid btn-hover-outline btn-oval white btn-hover-white\">Servicios<\/a><\/div><\/div><\/div><\/div><div class=\"slider-content align-center  vc_custom_1605093631888\" data-header=\"black\"><div class=\"slider-wrap\"><div class=\"slider-wrap-inner\"><h2 class=\"slide-title\" style=\"color:#2461b7;\">Sabor y Salud<\/h2><p class=\"slide-content\" style=\"color:#4d4d4d;\"><\/p><div class=\"pix_button \"><a href=\"http:\/\/www.hguadalfeo.com\/productos\"  class=\"clear btn btn-solid btn-hover-outline btn-oval color btn-hover-color\">Nuestros Productos<\/a><\/div><\/div><\/div><\/div><div class=\"slider-content align-center  vc_custom_1605093704016\" data-header=\"black\"><div class=\"slider-wrap\"><div class=\"slider-wrap-inner\"><h2 class=\"slide-title\" style=\"color:#000000;\">Productos de Calidad<\/h2><p class=\"slide-content\" style=\"color:#4d4d4d;\"><\/p><div class=\"pix_button \"><a href=\"http:\/\/www.hguadalfeo.com\/calidad\"  class=\"clear btn btn-solid btn-hover-outline btn-oval color btn-hover-color\">Calidad<\/a><\/div><\/div><\/div><\/div><\/div>[\/vc_column][\/vc_row][vc_row full_width=&#8220;stretch_row&#8220; content_placement=&#8220;middle&#8220; bg_type=&#8220;image&#8220; parallax_style=&#8220;vcpb-default&#8220; bg_image_new=&#8220;id^9631|url^http:\/\/www.hguadalfeo.com\/wp-content\/uploads\/2018\/06\/Horticola-Guadalfeo-Produccion-y-Comercializacion-Hortofruticola-7.jpg|caption^null|alt^null|title^Horticola Guadalfeo &#8211; Produccion y Comercializacion Hortofruticola 7|description^null&#8220; bg_image_repeat=&#8220;no-repeat&#8220; bg_override=&#8220;ex-full&#8220; css=&#8220;.vc_custom_1529859942117{padding-top: 40px !important;padding-bottom: 75px !important;}&#8220;][vc_column width=&#8220;2\/3&#8243; css=&#8220;.vc_custom_1492603604985{padding-top: 35px !important;}&#8220;]<div id=\"ultimate-heading-769469f38bfd9ff2a\" class=\"uvc-heading ult-adjust-bottom-margin ultimate-heading-769469f38bfd9ff2a uvc-5130 \" data-hspacer=\"no_spacer\"  data-halign=\"left\" style=\"text-align:left\"><div class=\"uvc-heading-spacer no_spacer\" style=\"top\"><\/div><div class=\"uvc-sub-heading ult-responsive\"  data-ultimate-target='.uvc-heading.ultimate-heading-769469f38bfd9ff2a .uvc-sub-heading '  data-responsive-json-new='{\"font-size\":\"desktop:38px;\",\"line-height\":\"desktop:40px;\"}'  style=\"font-family:&#039;Roboto&#039;;font-weight:normal;color:#ffffff;\">No dude en ponerse en Contacto con Nosotros, estaremos encantados de aterderle.<\/div><\/div>[\/vc_column][vc_column width=&#8220;1\/3&#8243; css=&#8220;.vc_custom_1492603612478{padding-top: 35px !important;}&#8220;]<div class=\"pix_button button-center\"><a href=\"http:\/\/www.hguadalfeo.com\/contacto\"  class=\"clear btn  btn-solid btn-hover-outline btn-oval  btn-md color btn-hover-color\">Cont\u00e1ctenos<\/a><\/div>[\/vc_column][\/vc_row]<\/p>\n","protected":false},"excerpt":{"rendered":"<p>[vc_row full_width=&#8220;stretch_row_content_no_spaces&#8220; css=&#8220;.vc_custom_1463407927935{padding-top: 0px !important;padding-bottom: 0px !important;background-color: #222222 !important;}&#8220;][vc_column css=&#8220;.vc_custom_1463402071163{padding-top: 0px !important;}&#8220;][\/vc_column][\/vc_row][vc_row full_width=&#8220;stretch_row&#8220; content_placement=&#8220;middle&#8220; bg_type=&#8220;image&#8220; parallax_style=&#8220;vcpb-default&#8220; bg_image_new=&#8220;id^9631|url^http:\/\/www.hguadalfeo.com\/wp-content\/uploads\/2018\/06\/Horticola-Guadalfeo-Produccion-y-Comercializacion-Hortofruticola-7.jpg|caption^null|alt^null|title^Horticola Guadalfeo &#8211; Produccion y Comercializacion Hortofruticola 7|description^null&#8220; bg_image_repeat=&#8220;no-repeat&#8220; bg_override=&#8220;ex-full&#8220; css=&#8220;.vc_custom_1529859942117{padding-top: 40px !important;padding-bottom: 75px !important;}&#8220;][vc_column width=&#8220;2\/3&#8243; css=&#8220;.vc_custom_1492603604985{padding-top: 35px !important;}&#8220;][\/vc_column][vc_column width=&#8220;1\/3&#8243; css=&#8220;.vc_custom_1492603612478{padding-top: 35px !important;}&#8220;][\/vc_column][\/vc_row]<\/p>\n","protected":false},"author":6,"featured_media":0,"parent":0,"menu_order":0,"comment_status":"closed","ping_status":"closed","template":"","meta":[],"yoast_head":"<!-- This site is optimized with the Yoast SEO plugin v15.2.1 - https:\/\/yoast.com\/wordpress\/plugins\/seo\/ -->\n<title>Hort\u00edcola Guadalfeo - Producci\u00f3n y comercializaci\u00f3n de tomate<\/title>\n<meta name=\"description\" content=\"Expertos productores y comercializadores de diversas especialidades de tomate, como Kumato, Cherrys sueltos y en rama rojos y amarillos\u2026\" \/>\n<meta name=\"robots\" content=\"index, follow, max-snippet:-1, max-image-preview:large, max-video-preview:-1\" \/>\n<link rel=\"canonical\" href=\"https:\/\/www.hguadalfeo.com\/de\/business-3-2\/\" \/>\n<meta property=\"og:locale\" content=\"de_DE\" \/>\n<meta property=\"og:type\" content=\"article\" \/>\n<meta property=\"og:title\" content=\"Hort\u00edcola Guadalfeo - Producci\u00f3n y comercializaci\u00f3n de tomate\" \/>\n<meta property=\"og:description\" content=\"Expertos productores y comercializadores de diversas especialidades de tomate, como Kumato, Cherrys sueltos y en rama rojos y amarillos\u2026\" \/>\n<meta property=\"og:url\" content=\"https:\/\/www.hguadalfeo.com\/de\/business-3-2\/\" \/>\n<meta property=\"og:site_name\" content=\"Hort\u00edcola Guadalfeo\" \/>\n<meta property=\"article:publisher\" content=\"https:\/\/www.facebook.com\/Hguadalfeo\/\" \/>\n<meta property=\"article:modified_time\" content=\"2024-03-03T12:13:02+00:00\" \/>\n<meta name=\"twitter:card\" content=\"summary_large_image\" \/>\n<meta name=\"twitter:label1\" content=\"Written by\">\n\t<meta name=\"twitter:data1\" content=\"Admin DYM\">\n\t<meta name=\"twitter:label2\" content=\"Est. reading time\">\n\t<meta name=\"twitter:data2\" content=\"2 Minuten\">\n<script type=\"application\/ld+json\" class=\"yoast-schema-graph\">{\"@context\":\"https:\/\/schema.org\",\"@graph\":[{\"@type\":\"Organization\",\"@id\":\"https:\/\/www.hguadalfeo.com\/#organization\",\"name\":\"Hort\\u00edcola Guadalfeo\",\"url\":\"https:\/\/www.hguadalfeo.com\/\",\"sameAs\":[\"https:\/\/www.facebook.com\/Hguadalfeo\/\"],\"logo\":{\"@type\":\"ImageObject\",\"@id\":\"https:\/\/www.hguadalfeo.com\/#logo\",\"inLanguage\":\"de-DE\",\"url\":\"https:\/\/www.hguadalfeo.com\/wp-content\/uploads\/2020\/09\/Logo-Horticola-Guadalfeo-1.png\",\"width\":250,\"height\":250,\"caption\":\"Hort\\u00edcola Guadalfeo\"},\"image\":{\"@id\":\"https:\/\/www.hguadalfeo.com\/#logo\"}},{\"@type\":\"WebSite\",\"@id\":\"https:\/\/www.hguadalfeo.com\/#website\",\"url\":\"https:\/\/www.hguadalfeo.com\/\",\"name\":\"Hort\\u00edcola Guadalfeo\",\"description\":\"Hort\\u00edcola Guadalfeo\",\"publisher\":{\"@id\":\"https:\/\/www.hguadalfeo.com\/#organization\"},\"potentialAction\":[{\"@type\":\"SearchAction\",\"target\":\"https:\/\/www.hguadalfeo.com\/?s={search_term_string}\",\"query-input\":\"required name=search_term_string\"}],\"inLanguage\":\"de-DE\"},{\"@type\":\"WebPage\",\"@id\":\"https:\/\/www.hguadalfeo.com\/de\/business-3-2\/#webpage\",\"url\":\"https:\/\/www.hguadalfeo.com\/de\/business-3-2\/\",\"name\":\"Hort\\u00edcola Guadalfeo - Producci\\u00f3n y comercializaci\\u00f3n de tomate\",\"isPartOf\":{\"@id\":\"https:\/\/www.hguadalfeo.com\/#website\"},\"datePublished\":\"2016-04-25T13:04:03+00:00\",\"dateModified\":\"2024-03-03T12:13:02+00:00\",\"description\":\"Expertos productores y comercializadores de diversas especialidades de tomate, como Kumato, Cherrys sueltos y en rama rojos y amarillos\\u2026\",\"inLanguage\":\"de-DE\",\"potentialAction\":[{\"@type\":\"ReadAction\",\"target\":[\"https:\/\/www.hguadalfeo.com\/de\/business-3-2\/\"]}]}]}<\/script>\n<!-- \/ Yoast SEO plugin. -->","_links":{"self":[{"href":"https:\/\/www.hguadalfeo.com\/de\/wp-json\/wp\/v2\/pages\/10064"}],"collection":[{"href":"https:\/\/www.hguadalfeo.com\/de\/wp-json\/wp\/v2\/pages"}],"about":[{"href":"https:\/\/www.hguadalfeo.com\/de\/wp-json\/wp\/v2\/types\/page"}],"author":[{"embeddable":true,"href":"https:\/\/www.hguadalfeo.com\/de\/wp-json\/wp\/v2\/users\/6"}],"replies":[{"embeddable":true,"href":"https:\/\/www.hguadalfeo.com\/de\/wp-json\/wp\/v2\/comments?post=10064"}],"version-history":[{"count":9,"href":"https:\/\/www.hguadalfeo.com\/de\/wp-json\/wp\/v2\/pages\/10064\/revisions"}],"predecessor-version":[{"id":11415,"href":"https:\/\/www.hguadalfeo.com\/de\/wp-json\/wp\/v2\/pages\/10064\/revisions\/11415"}],"wp:attachment":[{"href":"https:\/\/www.hguadalfeo.com\/de\/wp-json\/wp\/v2\/media?parent=10064"}],"curies":[{"name":"wp","href":"https:\/\/api.w.org\/{rel}","templated":true}]}}